{"id":778,"date":"2020-04-20T18:05:52","date_gmt":"2020-04-20T16:05:52","guid":{"rendered":"https:\/\/www.tromboneattraction.com\/so\/?page_id=778"},"modified":"2024-04-26T21:00:42","modified_gmt":"2024-04-26T19:00:42","slug":"unterricht","status":"publish","type":"page","link":"https:\/\/www.tromboneattraction.com\/so\/unterricht\/","title":{"rendered":"Unterricht"},"content":{"rendered":"\t\t<div data-elementor-type=\"wp-post\" data-elementor-id=\"778\" class=\"elementor elementor-778\">\n\t\t\t\t\t\t<section class=\"elementor-section elementor-top-section elementor-element elementor-element-fae5fb9 elementor-section-boxed elementor-section-height-default elementor-section-height-default\" data-id=\"fae5fb9\" data-element_type=\"section\" data-e-type=\"section\" data-settings=\"{&quot;background_background&quot;:&quot;gradient&quot;}\">\n\t\t\t\t\t\t<div class=\"elementor-container elementor-column-gap-default\">\n\t\t\t\t\t<div class=\"elementor-column elementor-col-100 elementor-top-column elementor-element elementor-element-357ba4e\" data-id=\"357ba4e\" data-element_type=\"column\" data-e-type=\"column\">\n\t\t\t<div class=\"elementor-widget-wrap elementor-element-populated\">\n\t\t\t\t\t\t<div class=\"elementor-element elementor-element-40400552 elementor-invisible elementor-widget elementor-widget-heading\" data-id=\"40400552\" data-element_type=\"widget\" data-e-type=\"widget\" data-settings=\"{&quot;_animation&quot;:&quot;fadeIn&quot;,&quot;_animation_delay&quot;:200}\" data-widget_type=\"heading.default\">\n\t\t\t\t<div class=\"elementor-widget-container\">\n\t\t\t\t\t<h1 class=\"elementor-heading-title elementor-size-default\">Unterricht<\/h1>\t\t\t\t<\/div>\n\t\t\t\t<\/div>\n\t\t\t\t\t<\/div>\n\t\t<\/div>\n\t\t\t\t\t<\/div>\n\t\t<\/section>\n\t\t\t\t<section class=\"elementor-section elementor-top-section elementor-element elementor-element-5273595 elementor-section-boxed elementor-section-height-default elementor-section-height-default\" data-id=\"5273595\" data-element_type=\"section\" data-e-type=\"section\">\n\t\t\t\t\t\t<div class=\"elementor-container elementor-column-gap-default\">\n\t\t\t\t\t<div class=\"elementor-column elementor-col-100 elementor-top-column elementor-element elementor-element-b444e4c\" data-id=\"b444e4c\" data-element_type=\"column\" data-e-type=\"column\">\n\t\t\t<div class=\"elementor-widget-wrap elementor-element-populated\">\n\t\t\t\t\t\t<div class=\"elementor-element elementor-element-519a4c6 elementor-align-center elementor-mobile-align-center elementor-invisible elementor-widget elementor-widget-button\" data-id=\"519a4c6\" data-element_type=\"widget\" data-e-type=\"widget\" data-settings=\"{&quot;_animation&quot;:&quot;rotateIn&quot;,&quot;_animation_delay&quot;:400}\" data-widget_type=\"button.default\">\n\t\t\t\t<div class=\"elementor-widget-container\">\n\t\t\t\t\t\t\t\t\t<div class=\"elementor-button-wrapper\">\n\t\t\t\t\t<a class=\"elementor-button elementor-button-link elementor-size-xl\" href=\"https:\/\/www.tromboneattraction.com\/so\/onlinetipps\/\">\n\t\t\t\t\t\t<span class=\"elementor-button-content-wrapper\">\n\t\t\t\t\t\t<span class=\"elementor-button-icon\">\n\t\t\t\t<i aria-hidden=\"true\" class=\"fas fa-music\"><\/i>\t\t\t<\/span>\n\t\t\t\t\t\t\t\t\t<span class=\"elementor-button-text\">Online Tipps<\/span>\n\t\t\t\t\t<\/span>\n\t\t\t\t\t<\/a>\n\t\t\t\t<\/div>\n\t\t\t\t\t\t\t\t<\/div>\n\t\t\t\t<\/div>\n\t\t\t\t\t<\/div>\n\t\t<\/div>\n\t\t\t\t\t<\/div>\n\t\t<\/section>\n\t\t\t\t<section class=\"elementor-section elementor-top-section elementor-element elementor-element-ea859f5 elementor-section-boxed elementor-section-height-default elementor-section-height-default\" data-id=\"ea859f5\" data-element_type=\"section\" data-e-type=\"section\">\n\t\t\t\t\t\t<div class=\"elementor-container elementor-column-gap-default\">\n\t\t\t\t\t<div class=\"elementor-column elementor-col-100 elementor-top-column elementor-element elementor-element-739c565\" data-id=\"739c565\" data-element_type=\"column\" data-e-type=\"column\">\n\t\t\t<div class=\"elementor-widget-wrap elementor-element-populated\">\n\t\t\t\t\t\t<div class=\"elementor-element elementor-element-d2bc909 elementor-widget elementor-widget-text-editor\" data-id=\"d2bc909\" data-element_type=\"widget\" data-e-type=\"widget\" data-widget_type=\"text-editor.default\">\n\t\t\t\t<div class=\"elementor-widget-container\">\n\t\t\t\t\t\t\t\t\t<p><strong>Musik soll Freude bereiten.<\/strong> Die Vermittlung dieser Freude und der Spa\u00df an der Musik haben f\u00fcr mich einen hohen Stellenwert. Jede Sch\u00fclerin, jede Sch\u00fcler ist anders. Es ist sch\u00f6n, sich auf die sehr unterschiedlichen Menschen individuell einzulassen. Den Sch\u00fclerInnen soll im Unterricht besonders eines geboten werden: <strong>Raum zur pers\u00f6nlichen Entwicklung und Entfaltung<\/strong>.<\/p><p>Ich unterrichte Posaune und Tenorhorn an der <a href=\"https:\/\/www.musikschule-ybbsfeld.at\/\" target=\"_blank\" rel=\"noopener\">Musikschule Ybbsfeld<\/a> und habe einen Lehrauftrag f\u00fcr &#8222;Spieltechnik Neue Musik&#8220; an der <a href=\"https:\/\/www.mdw.ac.at\/ijh\/lehrende\/\" target=\"_blank\" rel=\"noopener\">Universit\u00e4t f\u00fcr Musik und darstellende Kunst Wien<\/a>. Auf Anfrage ist auch Privatunterricht online, oder aber auch bei Kursen und Seminaren m\u00f6glich. Von Zeit zu Zeit wirke ich beratend f\u00fcr Ensembles und gebe Kurse \u00fcber das Thema &#8222;Ensemblemanagement&#8220;.<\/p>\t\t\t\t\t\t\t\t<\/div>\n\t\t\t\t<\/div>\n\t\t\t\t\t<\/div>\n\t\t<\/div>\n\t\t\t\t\t<\/div>\n\t\t<\/section>\n\t\t\t\t<\/div>\n\t\t","protected":false},"excerpt":{"rendered":"<p>Unterricht Online Tipps Musik soll Freude bereiten. Die Vermittlung dieser Freude und der Spa\u00df an der Musik haben f\u00fcr mich einen hohen Stellenwert. Jede Sch\u00fclerin, jede Sch\u00fcler ist anders. Es ist sch\u00f6n, sich auf die sehr unterschiedlichen Menschen individuell einzulassen. Den Sch\u00fclerInnen soll im Unterricht besonders eines geboten werden: Raum zur pers\u00f6nlichen Entwicklung und Entfaltung. [&hellip;]<\/p>\n","protected":false},"author":1,"featured_media":0,"parent":0,"menu_order":0,"comment_status":"closed","ping_status":"closed","template":"","meta":{"site-sidebar-layout":"no-sidebar","site-content-layout":"page-builder","ast-site-content-layout":"default","site-content-style":"default","site-sidebar-style":"default","ast-global-header-display":"","ast-banner-title-visibility":"","ast-main-header-display":"","ast-hfb-above-header-display":"","ast-hfb-below-header-display":"","ast-hfb-mobile-header-display":"","site-post-title":"disabled","ast-breadcrumbs-content":"","ast-featured-img":"disabled","footer-sml-layout":"","ast-disable-related-posts":"","theme-transparent-header-meta":"default","adv-header-id-meta":"","stick-header-meta":"default","header-above-stick-meta":"","header-main-stick-meta":"","header-below-stick-meta":"","astra-migrate-meta-layouts":"default","ast-page-background-enabled":"default","ast-page-background-meta":{"desktop":{"background-color":"","background-image":"","background-repeat":"repeat","background-position":"center center","background-size":"auto","background-attachment":"scroll","background-type":"","background-media":"","overlay-type":"","overlay-color":"","overlay-opacity":"","overlay-gradient":""},"tablet":{"background-color":"","background-image":"","background-repeat":"repeat","background-position":"center center","background-size":"auto","background-attachment":"scroll","background-type":"","background-media":"","overlay-type":"","overlay-color":"","overlay-opacity":"","overlay-gradient":""},"mobile":{"background-color":"","background-image":"","background-repeat":"repeat","background-position":"center center","background-size":"auto","background-attachment":"scroll","background-type":"","background-media":"","overlay-type":"","overlay-color":"","overlay-opacity":"","overlay-gradient":""}},"ast-content-background-meta":{"desktop":{"background-color":"var(--ast-global-color-5)","background-image":"","background-repeat":"repeat","background-position":"center center","background-size":"auto","background-attachment":"scroll","background-type":"","background-media":"","overlay-type":"","overlay-color":"","overlay-opacity":"","overlay-gradient":""},"tablet":{"background-color":"var(--ast-global-color-5)","background-image":"","background-repeat":"repeat","background-position":"center center","background-size":"auto","background-attachment":"scroll","background-type":"","background-media":"","overlay-type":"","overlay-color":"","overlay-opacity":"","overlay-gradient":""},"mobile":{"background-color":"var(--ast-global-color-5)","background-image":"","background-repeat":"repeat","background-position":"center center","background-size":"auto","background-attachment":"scroll","background-type":"","background-media":"","overlay-type":"","overlay-color":"","overlay-opacity":"","overlay-gradient":""}},"footnotes":""},"class_list":["post-778","page","type-page","status-publish","hentry"],"_links":{"self":[{"href":"https:\/\/www.tromboneattraction.com\/so\/wp-json\/wp\/v2\/pages\/778","targetHints":{"allow":["GET"]}}],"collection":[{"href":"https:\/\/www.tromboneattraction.com\/so\/wp-json\/wp\/v2\/pages"}],"about":[{"href":"https:\/\/www.tromboneattraction.com\/so\/wp-json\/wp\/v2\/types\/page"}],"author":[{"embeddable":true,"href":"https:\/\/www.tromboneattraction.com\/so\/wp-json\/wp\/v2\/users\/1"}],"replies":[{"embeddable":true,"href":"https:\/\/www.tromboneattraction.com\/so\/wp-json\/wp\/v2\/comments?post=778"}],"version-history":[{"count":36,"href":"https:\/\/www.tromboneattraction.com\/so\/wp-json\/wp\/v2\/pages\/778\/revisions"}],"predecessor-version":[{"id":1205,"href":"https:\/\/www.tromboneattraction.com\/so\/wp-json\/wp\/v2\/pages\/778\/revisions\/1205"}],"wp:attachment":[{"href":"https:\/\/www.tromboneattraction.com\/so\/wp-json\/wp\/v2\/media?parent=778"}],"curies":[{"name":"wp","href":"https:\/\/api.w.org\/{rel}","templated":true}]}}