{"id":11,"date":"2017-12-13T08:37:50","date_gmt":"2017-12-13T08:37:50","guid":{"rendered":"https:\/\/www.tromboneattraction.com\/so\/about-me\/"},"modified":"2026-04-04T22:16:22","modified_gmt":"2026-04-04T20:16:22","slug":"stefanobmann","status":"publish","type":"page","link":"https:\/\/www.tromboneattraction.com\/so\/stefanobmann\/","title":{"rendered":"\u00dcber Stefan Obmann"},"content":{"rendered":"\t\t<div data-elementor-type=\"wp-post\" data-elementor-id=\"11\" class=\"elementor elementor-11\">\n\t\t\t\t\t\t<section class=\"elementor-section elementor-top-section elementor-element elementor-element-1582c1f elementor-section-boxed elementor-section-height-default elementor-section-height-default\" data-id=\"1582c1f\" data-element_type=\"section\" data-e-type=\"section\" data-settings=\"{&quot;background_background&quot;:&quot;gradient&quot;}\">\n\t\t\t\t\t\t<div class=\"elementor-container elementor-column-gap-default\">\n\t\t\t\t\t<div class=\"elementor-column elementor-col-50 elementor-top-column elementor-element elementor-element-9e47264\" data-id=\"9e47264\" data-element_type=\"column\" data-e-type=\"column\">\n\t\t\t<div class=\"elementor-widget-wrap elementor-element-populated\">\n\t\t\t\t\t\t<div class=\"elementor-element elementor-element-fd5edbc elementor-invisible elementor-widget elementor-widget-image\" data-id=\"fd5edbc\" data-element_type=\"widget\" data-e-type=\"widget\" data-settings=\"{&quot;_animation&quot;:&quot;fadeIn&quot;,&quot;_animation_delay&quot;:600}\" data-widget_type=\"image.default\">\n\t\t\t\t<div class=\"elementor-widget-container\">\n\t\t\t\t\t\t\t\t\t\t\t\t\t\t\t<img fetchpriority=\"high\" decoding=\"async\" width=\"683\" height=\"1024\" src=\"https:\/\/www.tromboneattraction.com\/so\/wp-content\/uploads\/2026\/04\/StefanObmann_01_MarkusBruckner-683x1024.png\" class=\"attachment-large size-large wp-image-1351\" alt=\"\" srcset=\"https:\/\/www.tromboneattraction.com\/so\/wp-content\/uploads\/2026\/04\/StefanObmann_01_MarkusBruckner-683x1024.png 683w, https:\/\/www.tromboneattraction.com\/so\/wp-content\/uploads\/2026\/04\/StefanObmann_01_MarkusBruckner-200x300.png 200w, https:\/\/www.tromboneattraction.com\/so\/wp-content\/uploads\/2026\/04\/StefanObmann_01_MarkusBruckner-768x1152.png 768w, https:\/\/www.tromboneattraction.com\/so\/wp-content\/uploads\/2026\/04\/StefanObmann_01_MarkusBruckner-1024x1536.png 1024w, https:\/\/www.tromboneattraction.com\/so\/wp-content\/uploads\/2026\/04\/StefanObmann_01_MarkusBruckner-1366x2048.png 1366w, https:\/\/www.tromboneattraction.com\/so\/wp-content\/uploads\/2026\/04\/StefanObmann_01_MarkusBruckner-8x12.png 8w, https:\/\/www.tromboneattraction.com\/so\/wp-content\/uploads\/2026\/04\/StefanObmann_01_MarkusBruckner.png 1707w\" sizes=\"(max-width: 683px) 100vw, 683px\" \/>\t\t\t\t\t\t\t\t\t\t\t\t\t\t\t<\/div>\n\t\t\t\t<\/div>\n\t\t\t\t<div class=\"elementor-element elementor-element-eb5c8e9 elementor-invisible elementor-widget elementor-widget-image\" data-id=\"eb5c8e9\" data-element_type=\"widget\" data-e-type=\"widget\" data-settings=\"{&quot;_animation&quot;:&quot;fadeIn&quot;,&quot;_animation_delay&quot;:300}\" data-widget_type=\"image.default\">\n\t\t\t\t<div class=\"elementor-widget-container\">\n\t\t\t\t\t\t\t\t\t\t\t\t<figure class=\"wp-caption\">\n\t\t\t\t\t\t\t\t\t\t<img decoding=\"async\" width=\"1024\" height=\"683\" src=\"https:\/\/www.tromboneattraction.com\/so\/wp-content\/uploads\/2026\/04\/StefanObmann_02_MarkusBruckner-1024x683.png\" class=\"attachment-large size-large wp-image-1350\" alt=\"\" srcset=\"https:\/\/www.tromboneattraction.com\/so\/wp-content\/uploads\/2026\/04\/StefanObmann_02_MarkusBruckner-1024x683.png 1024w, https:\/\/www.tromboneattraction.com\/so\/wp-content\/uploads\/2026\/04\/StefanObmann_02_MarkusBruckner-300x200.png 300w, https:\/\/www.tromboneattraction.com\/so\/wp-content\/uploads\/2026\/04\/StefanObmann_02_MarkusBruckner-768x512.png 768w, https:\/\/www.tromboneattraction.com\/so\/wp-content\/uploads\/2026\/04\/StefanObmann_02_MarkusBruckner-1536x1024.png 1536w, https:\/\/www.tromboneattraction.com\/so\/wp-content\/uploads\/2026\/04\/StefanObmann_02_MarkusBruckner-18x12.png 18w, https:\/\/www.tromboneattraction.com\/so\/wp-content\/uploads\/2026\/04\/StefanObmann_02_MarkusBruckner.png 2048w\" sizes=\"(max-width: 1024px) 100vw, 1024px\" \/>\t\t\t\t\t\t\t\t\t\t\t<figcaption class=\"widget-image-caption wp-caption-text\">Fotos: Markus Bruckner<\/figcaption>\n\t\t\t\t\t\t\t\t\t\t<\/figure>\n\t\t\t\t\t\t\t\t\t<\/div>\n\t\t\t\t<\/div>\n\t\t\t\t<div class=\"elementor-element elementor-element-e3dabe5 elementor-widget elementor-widget-spacer\" data-id=\"e3dabe5\" data-element_type=\"widget\" data-e-type=\"widget\" data-widget_type=\"spacer.default\">\n\t\t\t\t<div class=\"elementor-widget-container\">\n\t\t\t\t\t\t\t<div class=\"elementor-spacer\">\n\t\t\t<div class=\"elementor-spacer-inner\"><\/div>\n\t\t<\/div>\n\t\t\t\t\t\t<\/div>\n\t\t\t\t<\/div>\n\t\t\t\t<div class=\"elementor-element elementor-element-01d42d8 elementor-widget elementor-widget-text-editor\" data-id=\"01d42d8\" data-element_type=\"widget\" data-e-type=\"widget\" data-widget_type=\"text-editor.default\">\n\t\t\t\t<div class=\"elementor-widget-container\">\n\t\t\t\t\t\t\t\t\t<p><strong>LINKS<\/strong><br \/><a href=\"https:\/\/www.tromboneattraction.com\/\" target=\"_blank\" rel=\"noopener\">Trombone Attraction<\/a><br \/><a href=\"http:\/\/www.vienna-brass-connection.at\/\" target=\"_blank\" rel=\"noreferrer noopener\" aria-label=\"Vienna Brass Connection (\u00f6ffnet in neuem Tab)\">Vienna Brass Connection<\/a><br \/><a href=\"https:\/\/phace.at\/\" target=\"_blank\" rel=\"noopener\">Ensemble Phace<\/a><br \/><a href=\"http:\/\/www.kammerorchester.com\/\" target=\"_blank\" rel=\"noopener\">Wiener Kammerorchester<\/a><br \/><a href=\"http:\/\/www.ewc.at\/\" target=\"_blank\" rel=\"noreferrer noopener\" aria-label=\"Ensemble Wiener Collage (\u00f6ffnet in neuem Tab)\">Ensemble Wiener Collage<\/a><br \/><a href=\"https:\/\/schagerl.com\" target=\"_blank\" rel=\"noopener\">Schagerl<\/a><\/p><p><b>ENSEMBLEMANAGEMENT VON<br \/><\/b><a href=\"https:\/\/www.tromboneattraction.com\/\" target=\"_blank\" rel=\"noopener\">Trombone Attraction<\/a><br \/><a href=\"http:\/\/www.vienna-brass-connection.at\/\" target=\"_blank\" rel=\"noopener\">Vienna Brass Connection<\/a><\/p><p><strong>DOWNLOADS<\/strong><br \/><a href=\"http:\/\/www.tromboneattraction.com\/BioStefanObmann.pdf\" target=\"_blank\" rel=\"noopener\">Lebenslauf<\/a><br \/><a href=\"\/download\/pics\/StefanObmann_01_MarkusBruckner.png\" target=\"_blank\" rel=\"noopener\">Bild 1 (Foto: Markus Bruckner)<\/a><br \/><a href=\"\/download\/pics\/StefanObmann_02_MarkusBruckner.png\" target=\"_blank\" rel=\"noopener\">Bild 2 (Foto: Markus Bruckner)<\/a><br \/><a href=\"\/download\/pics\/StefanObmann_03_MarkusBruckner.jpg\" target=\"_blank\" rel=\"noopener\">Bild 3 (Foto: Markus Bruckner)<\/a><\/p>\t\t\t\t\t\t\t\t<\/div>\n\t\t\t\t<\/div>\n\t\t\t\t\t<\/div>\n\t\t<\/div>\n\t\t\t\t<div class=\"elementor-column elementor-col-50 elementor-top-column elementor-element elementor-element-b70feff\" data-id=\"b70feff\" data-element_type=\"column\" data-e-type=\"column\">\n\t\t\t<div class=\"elementor-widget-wrap elementor-element-populated\">\n\t\t\t\t\t\t<section class=\"elementor-section elementor-inner-section elementor-element elementor-element-8fcf17a elementor-section-boxed elementor-section-height-default elementor-section-height-default\" data-id=\"8fcf17a\" data-element_type=\"section\" data-e-type=\"section\">\n\t\t\t\t\t\t<div class=\"elementor-container elementor-column-gap-default\">\n\t\t\t\t\t<div class=\"elementor-column elementor-col-100 elementor-inner-column elementor-element elementor-element-6dfcad0\" data-id=\"6dfcad0\" data-element_type=\"column\" data-e-type=\"column\">\n\t\t\t<div class=\"elementor-widget-wrap elementor-element-populated\">\n\t\t\t\t\t\t<div class=\"elementor-element elementor-element-49be349 elementor-invisible elementor-widget elementor-widget-heading\" data-id=\"49be349\" data-element_type=\"widget\" data-e-type=\"widget\" data-settings=\"{&quot;_animation&quot;:&quot;fadeIn&quot;,&quot;_animation_delay&quot;:200}\" data-widget_type=\"heading.default\">\n\t\t\t\t<div class=\"elementor-widget-container\">\n\t\t\t\t\t<h1 class=\"elementor-heading-title elementor-size-default\">Stefan Obmann<\/h1>\t\t\t\t<\/div>\n\t\t\t\t<\/div>\n\t\t\t\t<div class=\"elementor-element elementor-element-d8ce91c elementor-widget elementor-widget-text-editor\" data-id=\"d8ce91c\" data-element_type=\"widget\" data-e-type=\"widget\" data-widget_type=\"text-editor.default\">\n\t\t\t\t<div class=\"elementor-widget-container\">\n\t\t\t\t\t\t\t\t\t<p><strong>Stefan Obmann<\/strong>, 1988 in St. Veit an der Glan (K\u00e4rnten) geboren, begann seine musikalische Ausbildung im Alter von f\u00fcnf Jahren an der Musikschule Althofen.<\/p>\n<p>Er studierte an der Universit\u00e4t f\u00fcr Musik und darstellende Kunst Wien bei den Wiener Philharmonikern Dietmar K\u00fcblb\u00f6ck und Mark Gaal. 2006 gewann er den&nbsp;Anton Bruckner Wettbewerb der Wiener Symphoniker&nbsp;in der Kategorie \u201eBester Nachwuchsposaunist\u201c. Au\u00dferdem ist er Preistr\u00e4ger des Wettbewerbs Gradus ad Parnassum&nbsp;2011.<\/p>\n<p>Er spielte als Gast mit renommierten Orchestern wie den Wiener Philharmonikern, den Wiener Symphonikern, dem WDR Sinfonieorchester K\u00f6ln, der Staatskapelle Berlin, dem Radio-Symphonieorchester Wien, dem Tonk\u00fcnstlerorchester Nieder\u00f6sterreich, dem Mozarteumorchester Salzburg sowie an der Oper Frankfurt und der Wiener Volks- und Staatsoper u.a. mit Dirigenten wie Pierre Boulez, Daniel Barenboim, \u00c1d\u00e1m Fischer, Riccardo Muti, Kirill Petrenko, Georges Pr\u00eatre und Christian Thielemann und mit Ensembles wie phil Blech Wien und Federspiel.<\/p>\n<p>Au\u00dferdem ist Stefan Obmann als Ensemblemanager f\u00fcr das Posaunenquartett Trombone Attraction und die Vienna Brass Connection t\u00e4tig.<\/p>\n<p>Neben solistischen Auftritten, diverser Unterrichtst\u00e4tigkeit, einen Lehrauftrag an der Universit\u00e4t f\u00fcr Musik und darstellende Kunst Wien und zahlreichen Konzerten mit unterschiedlichsten Ensembles wie dem Posaunenquartett Trombone Attraction, der Vienna Brass Connection und Orchestern wie dem Wiener Kammerorchester bildet zeitgen\u00f6ssische Musik einen Schwerpunkt in seinem k\u00fcnstlerischen Wirken. Er spielt regelm\u00e4\u00dfig Projekte u.a. mit dem Klangforum Wien,&nbsp;<span style=\"font-size: 15px; font-style: normal;\">Ensemble XXI. Jahrhundert, Ensemble Wiener Collage und dem<\/span><span style=\"font-size: 15px;\">&nbsp;Schallfeld Ensemble Graz<\/span><span style=\"font-size: 15px;\">. Stefan Obmann ist Mitglied des Ensembles PHACE, einer der erfolgreichsten und innovativsten Ensembles f\u00fcr neue Musik.<\/span><\/p>\n<p>Stefan Obmann spielt exklusiv auf Instrumenten der Firma <a href=\"https:\/\/schagerl.com\" target=\"_blank\" rel=\"noopener\">Schagerl<\/a>.<\/p>\n<blockquote>\n<p><strong style=\"font-size: 16px;\"><em>Stefan Obmann kam als vierzehnj\u00e4hriges Nachwuchstalent in meine Klasse, und seitdem beobachte ich seine musikalische Entwicklung mit gro\u00dfem Interesse. Abgesehen von seinen au\u00dferordentlich raschen instrumentalen Fortschritten ist er schon sehr fr\u00fch durch seine innovativen Ansichten aufgefallen. Besonderes Interesse in unterschiedlichsten Bet\u00e4tigungsbereichen eines Posaunisten (von alter bis zeitgen\u00f6ssischer Musik, solistisch, kammermusikalisch, als auch im Orchester) zeichnen ihn immer schon aus. Hervorzuheben sind seine Bestrebungen, die Posaune als Soloinstrument einem breiten, insbesondere auch jungen, Publikum bekannt zu machen. Somit leistet er einen wichtigen Beitrag zur Vermittlung von Kunst.&nbsp;<\/em><\/strong><\/p>\n<p><span style=\"font-size: 15px; background-color: transparent;\">Dietmar K\u00fcblb\u00f6ck<br><\/span><span style=\"font-size: 15px; background-color: transparent;\">Posaunist der Wiener Philharmoniker<br><\/span><span style=\"font-size: 15px; background-color: transparent;\">Universit\u00e4t f\u00fcr Musik und darstellende Kunst Wien<\/span><\/p>\n<p><strong><em>Ich kenne den Posaunisten Stefan Obmann schon seit vielen Jahren. Sein professionelles Verhalten, seine positive Einstellung und auch sein musikalisches Einf\u00fchlungsverm\u00f6gen in verschiedenste Stilrichtungen sind beeindruckend.<\/em><\/strong><\/p>\n<p><span style=\"font-size: 15px; background-color: transparent;\">Ren\u00e9 Staar<br><\/span><span style=\"font-size: 15px; background-color: transparent;\">Wiener Philharmoniker<br><\/span><span style=\"font-size: 15px; background-color: transparent;\">Dirigent, Komponist<\/span><\/p>\n<\/blockquote>\n<blockquote>\n<p><strong><em>Sehr sch\u00f6ner Ton, pr\u00e4zise, locker, souver\u00e4n \u2013 gef\u00e4llt mir!<\/em><\/strong><\/p>\n<p><span style=\"font-size: 15px; background-color: transparent;\">Gerald Resch<br><\/span><span style=\"font-size: 15px; background-color: transparent;\">Komponist<\/span><\/p>\n<\/blockquote>\n<blockquote>\n<p><strong><em>Ich kenne Stefan ziemlich gut als Posaunisten \u2013 wir habe bei mehreren Projekten gemeinsam gearbeitet und ich kann nur Gutes \u00fcber ihn berichten. Er hat immer tadellos und auch noch sehr musikalisch gespielt. Einfach immer top. Ich kann ihn ohne Z\u00f6gern richtig empfehlen.<\/em><\/strong><\/p>\n<p><span style=\"font-size: 15px; background-color: transparent;\">Marino Formenti<br><\/span><span style=\"font-size: 15px; background-color: transparent;\">Pianist, Dirigent<\/span><\/p>\n<\/blockquote>\n<blockquote>\n<p><strong><em>Ich habe Stefan Obmann als sehr erfahrenen Musiker erlebt, der seine gro\u00dfe Musikalit\u00e4t, Spontanit\u00e4t und seine \u00fcberaus hohen professionellen Qualit\u00e4ten mehrmals unter Beweis stellen konnte. Die Brillanz seines Stils und seiner Technik sind schlichtweg verbl\u00fcffend. Noch dazu vermag er sich optimal in jeder nur denkbaren Besetzung zu integrieren und kammermusikalisch pr\u00e4zise und flexibel zu agieren. Auch die menschlichen Qualit\u00e4ten von Stefan Obmann sind durchaus \u00fcberzeugend!<\/em><\/strong><\/p>\n<p><span style=\"font-size: 15px; background-color: transparent;\">Simeon Pironkoff<br><\/span><span style=\"font-size: 15px; background-color: transparent;\">Komponist, Dirigent<\/span><\/p>\n<\/blockquote>\n<blockquote>\n<p><strong><em>Der Posaunist Stefan Obmann beeindruckt in mehrfacher Hinsicht: mit seiner professionellen Besch\u00e4ftigung mit Werken im Vorfeld und seiner entsprechenden Vorbereitung der Probenarbeit, mit seiner unvoreingenommenen Haltung Neuem gegen\u00fcber, mit dem technischen Niveau seiner F\u00e4higkeiten als Posaunist und der Klangqualit\u00e4t seines Spiels, mit seiner Flexibilit\u00e4t im Arbeitsprozess und mit der Souver\u00e4nit\u00e4t und Kompetenz, mit der er aktive Beitr\u00e4ge im Rahmen&nbsp; einer Zusammenarbeit einbringt. Ich habe Herrn Obmann als sehr seri\u00f6sen Musiker von Format kennen gelernt, den ich \u00fcberzeugt empfehlen kann.<\/em><\/strong><\/p>\n<p><span style=\"font-size: 15px; background-color: transparent;\">Prof. Dr. Peter Burwik&nbsp;<br><\/span><span style=\"font-size: 15px; background-color: transparent;\">ensemble XXI. jahrhundert<\/span><\/p>\n<\/blockquote>\t\t\t\t\t\t\t\t<\/div>\n\t\t\t\t<\/div>\n\t\t\t\t\t<\/div>\n\t\t<\/div>\n\t\t\t\t\t<\/div>\n\t\t<\/section>\n\t\t\t\t\t<\/div>\n\t\t<\/div>\n\t\t\t\t\t<\/div>\n\t\t<\/section>\n\t\t\t\t<\/div>\n\t\t","protected":false},"excerpt":{"rendered":"<p>Fotos: Markus Bruckner LINKSTrombone AttractionVienna Brass ConnectionEnsemble PhaceWiener KammerorchesterEnsemble Wiener CollageSchagerl ENSEMBLEMANAGEMENT VONTrombone AttractionVienna Brass Connection DOWNLOADSLebenslaufBild 1 (Foto: Markus Bruckner)Bild 2 (Foto: Markus Bruckner)Bild 3 (Foto: Markus Bruckner) Stefan Obmann Stefan Obmann, 1988 in St. Veit an der Glan (K\u00e4rnten) geboren, begann seine musikalische Ausbildung im Alter von f\u00fcnf Jahren an der Musikschule Althofen. [&hellip;]<\/p>\n","protected":false},"author":1,"featured_media":0,"parent":0,"menu_order":0,"comment_status":"closed","ping_status":"closed","template":"","meta":{"site-sidebar-layout":"no-sidebar","site-content-layout":"page-builder","ast-site-content-layout":"default","site-content-style":"default","site-sidebar-style":"default","ast-global-header-display":"","ast-banner-title-visibility":"","ast-main-header-display":"","ast-hfb-above-header-display":"","ast-hfb-below-header-display":"","ast-hfb-mobile-header-display":"","site-post-title":"disabled","ast-breadcrumbs-content":"","ast-featured-img":"disabled","footer-sml-layout":"","ast-disable-related-posts":"","theme-transparent-header-meta":"default","adv-header-id-meta":"","stick-header-meta":"default","header-above-stick-meta":"","header-main-stick-meta":"","header-below-stick-meta":"","astra-migrate-meta-layouts":"default","ast-page-background-enabled":"default","ast-page-background-meta":{"desktop":{"background-color":"","background-image":"","background-repeat":"repeat","background-position":"center center","background-size":"auto","background-attachment":"scroll","background-type":"","background-media":"","overlay-type":"","overlay-color":"","overlay-opacity":"","overlay-gradient":""},"tablet":{"background-color":"","background-image":"","background-repeat":"repeat","background-position":"center center","background-size":"auto","background-attachment":"scroll","background-type":"","background-media":"","overlay-type":"","overlay-color":"","overlay-opacity":"","overlay-gradient":""},"mobile":{"background-color":"","background-image":"","background-repeat":"repeat","background-position":"center center","background-size":"auto","background-attachment":"scroll","background-type":"","background-media":"","overlay-type":"","overlay-color":"","overlay-opacity":"","overlay-gradient":""}},"ast-content-background-meta":{"desktop":{"background-color":"var(--ast-global-color-5)","background-image":"","background-repeat":"repeat","background-position":"center center","background-size":"auto","background-attachment":"scroll","background-type":"","background-media":"","overlay-type":"","overlay-color":"","overlay-opacity":"","overlay-gradient":""},"tablet":{"background-color":"var(--ast-global-color-5)","background-image":"","background-repeat":"repeat","background-position":"center center","background-size":"auto","background-attachment":"scroll","background-type":"","background-media":"","overlay-type":"","overlay-color":"","overlay-opacity":"","overlay-gradient":""},"mobile":{"background-color":"var(--ast-global-color-5)","background-image":"","background-repeat":"repeat","background-position":"center center","background-size":"auto","background-attachment":"scroll","background-type":"","background-media":"","overlay-type":"","overlay-color":"","overlay-opacity":"","overlay-gradient":""}},"footnotes":""},"class_list":["post-11","page","type-page","status-publish","hentry"],"_links":{"self":[{"href":"https:\/\/www.tromboneattraction.com\/so\/wp-json\/wp\/v2\/pages\/11","targetHints":{"allow":["GET"]}}],"collection":[{"href":"https:\/\/www.tromboneattraction.com\/so\/wp-json\/wp\/v2\/pages"}],"about":[{"href":"https:\/\/www.tromboneattraction.com\/so\/wp-json\/wp\/v2\/types\/page"}],"author":[{"embeddable":true,"href":"https:\/\/www.tromboneattraction.com\/so\/wp-json\/wp\/v2\/users\/1"}],"replies":[{"embeddable":true,"href":"https:\/\/www.tromboneattraction.com\/so\/wp-json\/wp\/v2\/comments?post=11"}],"version-history":[{"count":105,"href":"https:\/\/www.tromboneattraction.com\/so\/wp-json\/wp\/v2\/pages\/11\/revisions"}],"predecessor-version":[{"id":1398,"href":"https:\/\/www.tromboneattraction.com\/so\/wp-json\/wp\/v2\/pages\/11\/revisions\/1398"}],"wp:attachment":[{"href":"https:\/\/www.tromboneattraction.com\/so\/wp-json\/wp\/v2\/media?parent=11"}],"curies":[{"name":"wp","href":"https:\/\/api.w.org\/{rel}","templated":true}]}}