{"id":11,"date":"2017-12-13T08:37:50","date_gmt":"2017-12-13T08:37:50","guid":{"rendered":"https:\/\/www.tromboneattraction.com\/so\/about-me\/"},"modified":"2026-04-04T22:16:22","modified_gmt":"2026-04-04T20:16:22","slug":"stefanobmann","status":"publish","type":"page","link":"https:\/\/www.tromboneattraction.com\/so\/en\/stefanobmann\/","title":{"rendered":"About Stefan Obmann"},"content":{"rendered":"<div data-elementor-type=\"wp-post\" data-elementor-id=\"11\" class=\"elementor elementor-11\">\n\t\t\t\t\t\t<section class=\"elementor-section elementor-top-section elementor-element elementor-element-1582c1f elementor-section-boxed elementor-section-height-default elementor-section-height-default\" data-id=\"1582c1f\" data-element_type=\"section\" data-e-type=\"section\" data-settings=\"{&quot;background_background&quot;:&quot;gradient&quot;}\">\n\t\t\t\t\t\t<div class=\"elementor-container elementor-column-gap-default\">\n\t\t\t\t\t<div class=\"elementor-column elementor-col-50 elementor-top-column elementor-element elementor-element-9e47264\" data-id=\"9e47264\" data-element_type=\"column\" data-e-type=\"column\">\n\t\t\t<div class=\"elementor-widget-wrap elementor-element-populated\">\n\t\t\t\t\t\t<div class=\"elementor-element elementor-element-fd5edbc elementor-invisible elementor-widget elementor-widget-image\" data-id=\"fd5edbc\" data-element_type=\"widget\" data-e-type=\"widget\" data-settings=\"{&quot;_animation&quot;:&quot;fadeIn&quot;,&quot;_animation_delay&quot;:600}\" data-widget_type=\"image.default\">\n\t\t\t\t<div class=\"elementor-widget-container\">\n\t\t\t\t\t\t\t\t\t\t\t\t\t\t\t<img fetchpriority=\"high\" decoding=\"async\" width=\"683\" height=\"1024\" src=\"https:\/\/www.tromboneattraction.com\/so\/wp-content\/uploads\/2026\/04\/StefanObmann_01_MarkusBruckner-683x1024.png\" class=\"attachment-large size-large wp-image-1351\" alt=\"\" srcset=\"https:\/\/www.tromboneattraction.com\/so\/wp-content\/uploads\/2026\/04\/StefanObmann_01_MarkusBruckner-683x1024.png 683w, https:\/\/www.tromboneattraction.com\/so\/wp-content\/uploads\/2026\/04\/StefanObmann_01_MarkusBruckner-200x300.png 200w, https:\/\/www.tromboneattraction.com\/so\/wp-content\/uploads\/2026\/04\/StefanObmann_01_MarkusBruckner-768x1152.png 768w, https:\/\/www.tromboneattraction.com\/so\/wp-content\/uploads\/2026\/04\/StefanObmann_01_MarkusBruckner-1024x1536.png 1024w, https:\/\/www.tromboneattraction.com\/so\/wp-content\/uploads\/2026\/04\/StefanObmann_01_MarkusBruckner-1366x2048.png 1366w, https:\/\/www.tromboneattraction.com\/so\/wp-content\/uploads\/2026\/04\/StefanObmann_01_MarkusBruckner-8x12.png 8w, https:\/\/www.tromboneattraction.com\/so\/wp-content\/uploads\/2026\/04\/StefanObmann_01_MarkusBruckner.png 1707w\" sizes=\"(max-width: 683px) 100vw, 683px\" \/>\t\t\t\t\t\t\t\t\t\t\t\t\t\t\t<\/div>\n\t\t\t\t<\/div>\n\t\t\t\t<div class=\"elementor-element elementor-element-eb5c8e9 elementor-invisible elementor-widget elementor-widget-image\" data-id=\"eb5c8e9\" data-element_type=\"widget\" data-e-type=\"widget\" data-settings=\"{&quot;_animation&quot;:&quot;fadeIn&quot;,&quot;_animation_delay&quot;:300}\" data-widget_type=\"image.default\">\n\t\t\t\t<div class=\"elementor-widget-container\">\n\t\t\t\t\t\t\t\t\t\t\t\t<figure class=\"wp-caption\">\n\t\t\t\t\t\t\t\t\t\t<img decoding=\"async\" width=\"1024\" height=\"683\" src=\"https:\/\/www.tromboneattraction.com\/so\/wp-content\/uploads\/2026\/04\/StefanObmann_02_MarkusBruckner-1024x683.png\" class=\"attachment-large size-large wp-image-1350\" alt=\"\" srcset=\"https:\/\/www.tromboneattraction.com\/so\/wp-content\/uploads\/2026\/04\/StefanObmann_02_MarkusBruckner-1024x683.png 1024w, https:\/\/www.tromboneattraction.com\/so\/wp-content\/uploads\/2026\/04\/StefanObmann_02_MarkusBruckner-300x200.png 300w, https:\/\/www.tromboneattraction.com\/so\/wp-content\/uploads\/2026\/04\/StefanObmann_02_MarkusBruckner-768x512.png 768w, https:\/\/www.tromboneattraction.com\/so\/wp-content\/uploads\/2026\/04\/StefanObmann_02_MarkusBruckner-1536x1024.png 1536w, https:\/\/www.tromboneattraction.com\/so\/wp-content\/uploads\/2026\/04\/StefanObmann_02_MarkusBruckner-18x12.png 18w, https:\/\/www.tromboneattraction.com\/so\/wp-content\/uploads\/2026\/04\/StefanObmann_02_MarkusBruckner.png 2048w\" sizes=\"(max-width: 1024px) 100vw, 1024px\" \/>\t\t\t\t\t\t\t\t\t\t\t<figcaption class=\"widget-image-caption wp-caption-text\">Fotos: Markus Bruckner<\/figcaption>\n\t\t\t\t\t\t\t\t\t\t<\/figure>\n\t\t\t\t\t\t\t\t\t<\/div>\n\t\t\t\t<\/div>\n\t\t\t\t<div class=\"elementor-element elementor-element-e3dabe5 elementor-widget elementor-widget-spacer\" data-id=\"e3dabe5\" data-element_type=\"widget\" data-e-type=\"widget\" data-widget_type=\"spacer.default\">\n\t\t\t\t<div class=\"elementor-widget-container\">\n\t\t\t\t\t\t\t<div class=\"elementor-spacer\">\n\t\t\t<div class=\"elementor-spacer-inner\"><\/div>\n\t\t<\/div>\n\t\t\t\t\t\t<\/div>\n\t\t\t\t<\/div>\n\t\t\t\t<div class=\"elementor-element elementor-element-01d42d8 elementor-widget elementor-widget-text-editor\" data-id=\"01d42d8\" data-element_type=\"widget\" data-e-type=\"widget\" data-widget_type=\"text-editor.default\">\n\t\t\t\t<div class=\"elementor-widget-container\">\n\t\t\t\t\t\t\t\t\t<p><strong>LINKS<\/strong><br \/><a href=\"https:\/\/www.tromboneattraction.com\/so\/en\/\" target=\"_blank\" rel=\"noopener\">Trombone Attraction<\/a><br \/><a href=\"http:\/\/www.vienna-brass-connection.at\/\" target=\"_blank\" rel=\"noreferrer noopener\" aria-label=\"Vienna Brass Connection (\u00f6ffnet in neuem Tab)\">Vienna Brass Connection<\/a><br \/><a href=\"https:\/\/phace.at\/\" target=\"_blank\" rel=\"noopener\">Ensemble Phace<\/a><br \/><a href=\"http:\/\/www.kammerorchester.com\/\" target=\"_blank\" rel=\"noopener\">Vienna Chamber Orchestra<\/a><br \/><a href=\"http:\/\/www.ewc.at\/\" target=\"_blank\" rel=\"noreferrer noopener\" aria-label=\"Ensemble Wiener Collage (\u00f6ffnet in neuem Tab)\">Ensemble Wiener Collage<\/a><br \/><a href=\"https:\/\/schagerl.com\" target=\"_blank\" rel=\"noopener\">Schagerl<\/a><\/p><p><b>ENSEMBLEMANAGEMENT<br \/><\/b><a href=\"https:\/\/www.tromboneattraction.com\/so\/en\/\" target=\"_blank\" rel=\"noopener\">Trombone Attraction<\/a><br \/><a href=\"http:\/\/www.vienna-brass-connection.at\/\" target=\"_blank\" rel=\"noopener\">Vienna Brass Connection<\/a><\/p><p><strong>DOWNLOADS<\/strong><br \/><a href=\"http:\/\/www.tromboneattraction.com\/so\/en\/BioStefanObmann.pdf\/\" target=\"_blank\" rel=\"noopener\">Biography<\/a><br \/><a href=\"\/so\/en\/download\/pics\/StefanObmann_01_MarkusBruckner.png\/\" target=\"_blank\" rel=\"noopener\">Image 1 (Photo: Markus Bruckner)<\/a><br \/><a href=\"\/so\/en\/download\/pics\/StefanObmann_02_MarkusBruckner.png\/\" target=\"_blank\" rel=\"noopener\">Image 2 (Photo: Markus Bruckner)<\/a><br \/><a href=\"\/so\/en\/download\/pics\/StefanObmann_03_MarkusBruckner.jpg\/\" target=\"_blank\" rel=\"noopener\">Image 3 (Photo: Markus Bruckner)<\/a><\/p>\t\t\t\t\t\t\t\t<\/div>\n\t\t\t\t<\/div>\n\t\t\t\t\t<\/div>\n\t\t<\/div>\n\t\t\t\t<div class=\"elementor-column elementor-col-50 elementor-top-column elementor-element elementor-element-b70feff\" data-id=\"b70feff\" data-element_type=\"column\" data-e-type=\"column\">\n\t\t\t<div class=\"elementor-widget-wrap elementor-element-populated\">\n\t\t\t\t\t\t<section class=\"elementor-section elementor-inner-section elementor-element elementor-element-8fcf17a elementor-section-boxed elementor-section-height-default elementor-section-height-default\" data-id=\"8fcf17a\" data-element_type=\"section\" data-e-type=\"section\">\n\t\t\t\t\t\t<div class=\"elementor-container elementor-column-gap-default\">\n\t\t\t\t\t<div class=\"elementor-column elementor-col-100 elementor-inner-column elementor-element elementor-element-6dfcad0\" data-id=\"6dfcad0\" data-element_type=\"column\" data-e-type=\"column\">\n\t\t\t<div class=\"elementor-widget-wrap elementor-element-populated\">\n\t\t\t\t\t\t<div class=\"elementor-element elementor-element-49be349 elementor-invisible elementor-widget elementor-widget-heading\" data-id=\"49be349\" data-element_type=\"widget\" data-e-type=\"widget\" data-settings=\"{&quot;_animation&quot;:&quot;fadeIn&quot;,&quot;_animation_delay&quot;:200}\" data-widget_type=\"heading.default\">\n\t\t\t\t<div class=\"elementor-widget-container\">\n\t\t\t\t\t<h1 class=\"elementor-heading-title elementor-size-default\">Stefan Obmann<\/h1>\t\t\t\t<\/div>\n\t\t\t\t<\/div>\n\t\t\t\t<div class=\"elementor-element elementor-element-d8ce91c elementor-widget elementor-widget-text-editor\" data-id=\"d8ce91c\" data-element_type=\"widget\" data-e-type=\"widget\" data-widget_type=\"text-editor.default\">\n\t\t\t\t<div class=\"elementor-widget-container\">\n\t\t\t\t\t\t\t\t\t<p class=\"translation-block\"><strong>Stefan Obmann<\/strong>, born 1988 in St. Veit an der Glan (Carinthia), began his musical education at the age of five years at the Music School of Althofen.<\/p>\n<p>He studied at the Universit\u00e4t f\u00fcr Musik und darstellende Kunst Wien with Dietmar K\u00fcblb\u00f6ck (Wiener Philharmoniker) and Mark Gaal (Wiener Philharmoniker). In 2006 he won the Anton Bruckner Competition of the Wiener Symphoniker in the category \"Best Young Trombonist\". He is also a prizewinner of the competition Gradus ad Parnassum 2011.<\/p>\n<p>He played as a guest with renowned orchestras like the Wiener Philharmoniker,\nWiener Symphoniker, WDR Sinfonieorchester K\u00f6ln, Staatskapelle Berlin, Radio-\nSymphonieorchester Wien, Tonk\u00fcnstlerorchester Nieder\u00f6sterreich,\nMozarteumorchester Salzburg, and at the Oper Frankfurt, Volksoper Wien and\nWiener Staatsoper with conductors such as Pierre Boulez, Daniel Barenboim, \u00c1d\u00e1m Fischer, Riccardo Muti, Kirill Petrenko, Georges Pr\u00eatre and Christian\nThielemann and with ensembles such as phil Blech Wien and Federspiel.<\/p>\n<p>Stefan Obmann is also ensemble manager for the trombone quartet Trombone Attraction and the Vienna Brass Connection.<\/p>\n<p class=\"translation-block\">In addition to various teaching activities, a lectureship at the Universit\u00e4t f\u00fcr Musik\nund darstellende Kunst Wien and numerous concerts with various ensembles such\nas Trombone Attraction, the Vienna Brass Connection and orchestras such as the\nVienna Chamber Orchestra, contemporary music is one of the main focuses of his\nartistic work. He regularly performs in projects with Klangforum Wien, Ensemble XXI. Jahrhundert, Ensemble Weiner Collage und dem Schallfeld Ensemble Graz and is a\nmember of the PHACE ensemble, one of the most successful and innovative\nensembles for new music.<\/p>\n<p>Stefan Obmann plays exclusively on instruments made by <a href=\"https:\/\/schagerl.com\" target=\"_blank\" rel=\"noopener\">Schagerl<\/a>.<\/p>\n<blockquote>\n<p><strong style=\"font-size: 16px;\"><em>Stefan Obmann came to my class as a fourteen-year-old up-and-coming talent, and since then I have followed his musical development with great interest. Apart from his extraordinarily rapid instrumental progress, he attracted attention very early on with his innovative views. His special interest in various areas of trombone playing (from early to contemporary music, solo, chamber music, as well as in the orchestra) has always distinguished him. His efforts to make the trombone known to a broad, especially young, public as a solo instrument are worthy of special mention. Thus he makes an important contribution to the mediation of art.&nbsp;<\/em><\/strong><\/p>\n<p><span style=\"font-size: 15px; background-color: transparent;\">Dietmar K\u00fcblb\u00f6ck<br><\/span><span style=\"font-size: 15px; background-color: transparent;\">Trombonist of the Wiener Philharmoniker<br><\/span><span style=\"font-size: 15px; background-color: transparent;\">Universit\u00e4t f\u00fcr Musik und darstellende Kunst Wien<\/span><\/p>\n<p><strong><em>I have known the trombonist Stefan Obmann for many years. His professional behaviour, his positive attitude and also his musical empathy in various styles are impressive.<\/em><\/strong><\/p>\n<p><span style=\"font-size: 15px; background-color: transparent;\">Ren\u00e9 Staar<br><\/span><span style=\"font-size: 15px; background-color: transparent;\">Wiener Philharmoniker<br><\/span><span style=\"font-size: 15px; background-color: transparent;\">Conductor, composer<\/span><\/p>\n<\/blockquote>\n<blockquote>\n<p><strong><em>Very beautiful tone, precise, relaxed, sovereign - I like it!<\/em><\/strong><\/p>\n<p><span style=\"font-size: 15px; background-color: transparent;\">Gerald Resch<br><\/span><span style=\"font-size: 15px; background-color: transparent;\">Composer<\/span><\/p>\n<\/blockquote>\n<blockquote>\n<p><strong><em>I know Stefan quite well as a trombonist - we have worked together on several projects and I can only say good things about him. He has always played excellently and also very musically. Simply always top. I can really recommend him without hesitation.<\/em><\/strong><\/p>\n<p><span style=\"font-size: 15px; background-color: transparent;\">Marino Formenti<br><\/span><span style=\"font-size: 15px; background-color: transparent;\">Pianist, conductor<\/span><\/p>\n<\/blockquote>\n<blockquote>\n<p><strong><em>I have experienced Stefan Obmann as a very experienced musician, who could prove his great musicality, spontaneity and his extremely high professional qualities several times. The brilliance of his style and his technique are simply amazing. Moreover, he is able to integrate himself optimally in every conceivable instrumentation and to act with chamber music precision and flexibility. The human qualities of Stefan Obmann are also quite convincing!<\/em><\/strong><\/p>\n<p><span style=\"font-size: 15px; background-color: transparent;\">Simeon Pironkoff<br><\/span><span style=\"font-size: 15px; background-color: transparent;\">Composer, conductor<\/span><\/p>\n<\/blockquote>\n<blockquote>\n<p><strong><em>Trombonist Stefan Obmann impresses in several ways: with his professional engagement with works in advance and his appropriate preparation of rehearsal work, with his unbiased attitude towards new things, with the technical level of his skills as a trombonist and the sound quality of his playing, with his flexibility in the working process and with the sovereignty and competence with which he makes active contributions within the framework of a collaboration. I have come to know Mr. Obmann as a very serious musician of stature whom I can confidently recommend.<\/em><\/strong><\/p>\n<p><span style=\"font-size: 15px; background-color: transparent;\">Prof. Dr. Peter Burwik&nbsp;<br><\/span><span style=\"font-size: 15px; background-color: transparent;\">ensemble XXI. jahrhundert<\/span><\/p>\n<\/blockquote>\t\t\t\t\t\t\t\t<\/div>\n\t\t\t\t<\/div>\n\t\t\t\t\t<\/div>\n\t\t<\/div>\n\t\t\t\t\t<\/div>\n\t\t<\/section>\n\t\t\t\t\t<\/div>\n\t\t<\/div>\n\t\t\t\t\t<\/div>\n\t\t<\/section>\n\t\t\t\t<\/div>","protected":false},"excerpt":{"rendered":"<p>Fotos: Markus Bruckner LINKSTrombone AttractionVienna Brass ConnectionEnsemble PhaceWiener KammerorchesterEnsemble Wiener CollageSchagerl ENSEMBLEMANAGEMENT VONTrombone AttractionVienna Brass Connection DOWNLOADSLebenslaufBild 1 (Foto: Markus Bruckner)Bild 2 (Foto: Markus Bruckner)Bild 3 (Foto: Markus Bruckner) Stefan Obmann Stefan Obmann, 1988 in St. Veit an der Glan (K\u00e4rnten) geboren, begann seine musikalische Ausbildung im Alter von f\u00fcnf Jahren an der Musikschule Althofen. [&hellip;]<\/p>\n","protected":false},"author":1,"featured_media":0,"parent":0,"menu_order":0,"comment_status":"closed","ping_status":"closed","template":"","meta":{"site-sidebar-layout":"no-sidebar","site-content-layout":"page-builder","ast-site-content-layout":"default","site-content-style":"default","site-sidebar-style":"default","ast-global-header-display":"","ast-banner-title-visibility":"","ast-main-header-display":"","ast-hfb-above-header-display":"","ast-hfb-below-header-display":"","ast-hfb-mobile-header-display":"","site-post-title":"disabled","ast-breadcrumbs-content":"","ast-featured-img":"disabled","footer-sml-layout":"","ast-disable-related-posts":"","theme-transparent-header-meta":"default","adv-header-id-meta":"","stick-header-meta":"default","header-above-stick-meta":"","header-main-stick-meta":"","header-below-stick-meta":"","astra-migrate-meta-layouts":"default","ast-page-background-enabled":"default","ast-page-background-meta":{"desktop":{"background-color":"","background-image":"","background-repeat":"repeat","background-position":"center center","background-size":"auto","background-attachment":"scroll","background-type":"","background-media":"","overlay-type":"","overlay-color":"","overlay-opacity":"","overlay-gradient":""},"tablet":{"background-color":"","background-image":"","background-repeat":"repeat","background-position":"center center","background-size":"auto","background-attachment":"scroll","background-type":"","background-media":"","overlay-type":"","overlay-color":"","overlay-opacity":"","overlay-gradient":""},"mobile":{"background-color":"","background-image":"","background-repeat":"repeat","background-position":"center center","background-size":"auto","background-attachment":"scroll","background-type":"","background-media":"","overlay-type":"","overlay-color":"","overlay-opacity":"","overlay-gradient":""}},"ast-content-background-meta":{"desktop":{"background-color":"var(--ast-global-color-5)","background-image":"","background-repeat":"repeat","background-position":"center center","background-size":"auto","background-attachment":"scroll","background-type":"","background-media":"","overlay-type":"","overlay-color":"","overlay-opacity":"","overlay-gradient":""},"tablet":{"background-color":"var(--ast-global-color-5)","background-image":"","background-repeat":"repeat","background-position":"center center","background-size":"auto","background-attachment":"scroll","background-type":"","background-media":"","overlay-type":"","overlay-color":"","overlay-opacity":"","overlay-gradient":""},"mobile":{"background-color":"var(--ast-global-color-5)","background-image":"","background-repeat":"repeat","background-position":"center center","background-size":"auto","background-attachment":"scroll","background-type":"","background-media":"","overlay-type":"","overlay-color":"","overlay-opacity":"","overlay-gradient":""}},"footnotes":""},"class_list":["post-11","page","type-page","status-publish","hentry"],"_links":{"self":[{"href":"https:\/\/www.tromboneattraction.com\/so\/en\/wp-json\/wp\/v2\/pages\/11","targetHints":{"allow":["GET"]}}],"collection":[{"href":"https:\/\/www.tromboneattraction.com\/so\/en\/wp-json\/wp\/v2\/pages"}],"about":[{"href":"https:\/\/www.tromboneattraction.com\/so\/en\/wp-json\/wp\/v2\/types\/page"}],"author":[{"embeddable":true,"href":"https:\/\/www.tromboneattraction.com\/so\/en\/wp-json\/wp\/v2\/users\/1"}],"replies":[{"embeddable":true,"href":"https:\/\/www.tromboneattraction.com\/so\/en\/wp-json\/wp\/v2\/comments?post=11"}],"version-history":[{"count":105,"href":"https:\/\/www.tromboneattraction.com\/so\/en\/wp-json\/wp\/v2\/pages\/11\/revisions"}],"predecessor-version":[{"id":1398,"href":"https:\/\/www.tromboneattraction.com\/so\/en\/wp-json\/wp\/v2\/pages\/11\/revisions\/1398"}],"wp:attachment":[{"href":"https:\/\/www.tromboneattraction.com\/so\/en\/wp-json\/wp\/v2\/media?parent=11"}],"curies":[{"name":"wp","href":"https:\/\/api.w.org\/{rel}","templated":true}]}}