{"id":4737,"date":"2020-02-09T10:39:47","date_gmt":"2020-02-09T09:39:47","guid":{"rendered":"https:\/\/www.tromboneattraction.com\/?page_id=4737"},"modified":"2024-04-17T22:23:27","modified_gmt":"2024-04-17T20:23:27","slug":"christianpoitinger","status":"publish","type":"page","link":"https:\/\/www.tromboneattraction.com\/en\/christianpoitinger\/","title":{"rendered":"CHRISTIAN POITINGER"},"content":{"rendered":"<section class=\"wp-block-uagb-section uagb-section__wrap uagb-section__background-color alignfull uagb-block-cbf93453\"><div class=\"uagb-section__overlay\"><\/div><div class=\"uagb-section__inner-wrap\">\n<div class=\"wp-block-uagb-info-box uagb-block-53a041a0 uagb-infobox__content-wrap  uagb-infobox-icon-above-title uagb-infobox-image-valign-top uagb-infobox__outer-wrap\"><div class=\"uagb-ifb-content\"><div class=\"uagb-ifb-title-wrap\"><h1 class=\"uagb-ifb-title\">Christian Poitinger<\/h1><\/div><\/div><\/div>\n<\/div><\/section>\n\n\n\n<div style=\"height:50px\" aria-hidden=\"true\" class=\"wp-block-spacer\"><\/div>\n\n\n\n<div class=\"wp-block-columns is-layout-flex wp-container-core-columns-is-layout-28f84493 wp-block-columns-is-layout-flex\">\n<div class=\"wp-block-column is-layout-flow wp-block-column-is-layout-flow\">\n<p><strong>Christian Poitinger<\/strong>&nbsp;was born in 1987 in Grieskirchen in Upper Austria. He began learning the trombone at the age of twelve. From 2001 to 2006 he studied at the Anton Bruckner Privatuniversit\u00e4t in Linz with Prof. Friedrich Loimayr and attended the Music High School in Linz. In 2007 he continued his studies with Johann Str\u00f6cker (Wiener Philharmoniker) at the Kunstuniversit\u00e4t Graz\/Obersch\u00fctzen. <\/p>\n\n\n\n<p>In September 2006, he was offered contract as a substitute trombonist at the Wiener Volksoper. In May 2007 he won the audition for that vacant position and since September 2007 he has been bass trombonist at the Wiener Volksoper. <\/p>\n\n\n\n<p>Christian Poitinger is the winner of the Anton Bruckner Competition of the Wiener Symphoniker in the category \"bass trombone\" and received a special prize in 2008 for his particularly outstanding performance at the International Brass Competition in Passau. In 2009 he won the first prize at the Edward Kleinhammer International Competition for bass trombone of the International Trombone Association. <\/p>\n\n\n\n<p>Since 2018 Christian Poitinger is university lecturer for bass trombone at the Universit\u00e4t f\u00fcr Musik und darstellende Kunst Wien.<\/p>\n\n\n\n<p>He regularly plays with renowned orchestras such as the Vienna Chamber Orchestra, the Wiener Staatsoper, the Wiener Philharmonikern , the Bruckner Orchester Linz, the Radio-Symphonieorchester Wien, the Wiener Symphoniker and the Tonk\u00fcnstlerorchester Nieder\u00f6sterreich. Christian Poitinger is a member of the Vienna Brass Connection.\u00a0<\/p>\n\n\n\n<p class=\"has-very-light-gray-background-color has-background\">LINKS<br><a aria-label=\"Volksoper Wien (\u00f6ffnet in neuem Tab)\" href=\"https:\/\/www.volksoper.at\/\" target=\"_blank\" rel=\"noreferrer noopener\">Volksoper Wien<\/a><br><a aria-label=\"Vienna Brass Connection (\u00f6ffnet in neuem Tab)\" href=\"http:\/\/www.vienna-brass-connection.at\/\" target=\"_blank\" rel=\"noreferrer noopener\">Vienna Brass Connection<\/a><br><a aria-label=\"Wiener KammerOrchester (\u00f6ffnet in neuem Tab)\" href=\"http:\/\/www.kammerorchester.com\/\" target=\"_blank\" rel=\"noreferrer noopener\">Vienna Chamber Orchestra<\/a><br><a aria-label=\" (\u00f6ffnet in neuem Tab)\" href=\"https:\/\/at.yamaha.com\/de\/products\/musical_instruments\/winds\/trombones\/ysl-882\/index.html\" target=\"_blank\" rel=\"noreferrer noopener\">Trombone: Edwards<\/a><\/p>\n\n\n\n<p class=\"has-background\" style=\"background-color:#eaeaea\">DOWNLOADS<br><a rel=\"noreferrer noopener\" aria-label=\"Lebenslauf (\u00f6ffnet in neuem Tab)\" href=\"\/download\/bios.pdf\" target=\"_blank\">Biography<\/a><br><a rel=\"noreferrer noopener\" aria-label=\" (\u00f6ffnet in neuem Tab)\" href=\"\/download\/pics\/ChristianPoitinger01.jpg\" target=\"_blank\">Picture 1 (Photo: Klaus Leherbauer)<\/a><br><a rel=\"noreferrer noopener\" aria-label=\" (\u00f6ffnet in neuem Tab)\" href=\"\/download\/pics\/ChristianPoitinger02.jpg\" target=\"_blank\">Picture 2 (Photo: Klaus Leherbauer)<\/a><\/p>\n\n\n\n<p class=\"has-very-light-gray-background-color has-background\">CONTACT<br><a href=\"mailto:ch.poitinger@gmail.com\">ch.poitinger@gmail.com<\/a><\/p>\n<\/div>\n\n\n\n<div class=\"wp-block-column is-layout-flow wp-block-column-is-layout-flow\">\n<figure class=\"wp-block-image size-large\"><img loading=\"lazy\" decoding=\"async\" width=\"682\" height=\"1024\" src=\"https:\/\/www.tromboneattraction.com\/wp-content\/uploads\/2020\/02\/XT2K5753-682x1024.jpg\" alt=\"\" class=\"wp-image-4443\" srcset=\"https:\/\/www.tromboneattraction.com\/wp-content\/uploads\/2020\/02\/XT2K5753-682x1024.jpg 682w, https:\/\/www.tromboneattraction.com\/wp-content\/uploads\/2020\/02\/XT2K5753-200x300.jpg 200w, https:\/\/www.tromboneattraction.com\/wp-content\/uploads\/2020\/02\/XT2K5753-768x1152.jpg 768w, https:\/\/www.tromboneattraction.com\/wp-content\/uploads\/2020\/02\/XT2K5753.jpg 853w\" sizes=\"auto, (max-width: 682px) 100vw, 682px\" \/><\/figure>\n<\/div>\n<\/div>","protected":false},"excerpt":{"rendered":"<p>Christian Poitinger&nbsp;wurde 1987 in Grieskirchen in Ober\u00f6sterreich geboren. Mit zw\u00f6lf Jahren begann er Posaune zu lernen. Von 2001 bis 2006 studierte er an der Anton Bruckner Privatuniversit\u00e4t in Linz bei Prof. Friedrich Loimayr und besuchte das Musikgymnasium Linz, 2007 setzte er seine Studien bei Johann Str\u00f6cker (Wiener Philharmoniker) an der Kunstuniversit\u00e4t Graz\/Obersch\u00fctzen fort. Im September [&hellip;]<\/p>\n","protected":false},"author":1,"featured_media":0,"parent":0,"menu_order":0,"comment_status":"closed","ping_status":"closed","template":"","meta":{"_uag_custom_page_level_css":"","site-sidebar-layout":"no-sidebar","site-content-layout":"plain-container","ast-site-content-layout":"normal-width-container","site-content-style":"unboxed","site-sidebar-style":"unboxed","ast-global-header-display":"","ast-banner-title-visibility":"","ast-main-header-display":"","ast-hfb-above-header-display":"","ast-hfb-below-header-display":"","ast-hfb-mobile-header-display":"","site-post-title":"disabled","ast-breadcrumbs-content":"","ast-featured-img":"disabled","footer-sml-layout":"","ast-disable-related-posts":"","theme-transparent-header-meta":"default","adv-header-id-meta":"","stick-header-meta":"default","header-above-stick-meta":"","header-main-stick-meta":"","header-below-stick-meta":"","astra-migrate-meta-layouts":"set","ast-page-background-enabled":"default","ast-page-background-meta":{"desktop":{"background-color":"","background-image":"","background-repeat":"repeat","background-position":"center center","background-size":"auto","background-attachment":"scroll","background-type":"","background-media":"","overlay-type":"","overlay-color":"","overlay-opacity":"","overlay-gradient":""},"tablet":{"background-color":"","background-image":"","background-repeat":"repeat","background-position":"center center","background-size":"auto","background-attachment":"scroll","background-type":"","background-media":"","overlay-type":"","overlay-color":"","overlay-opacity":"","overlay-gradient":""},"mobile":{"background-color":"","background-image":"","background-repeat":"repeat","background-position":"center center","background-size":"auto","background-attachment":"scroll","background-type":"","background-media":"","overlay-type":"","overlay-color":"","overlay-opacity":"","overlay-gradient":""}},"ast-content-background-meta":{"desktop":{"background-color":"var(--ast-global-color-5)","background-image":"","background-repeat":"repeat","background-position":"center center","background-size":"auto","background-attachment":"scroll","background-type":"","background-media":"","overlay-type":"","overlay-color":"","overlay-opacity":"","overlay-gradient":""},"tablet":{"background-color":"var(--ast-global-color-5)","background-image":"","background-repeat":"repeat","background-position":"center center","background-size":"auto","background-attachment":"scroll","background-type":"","background-media":"","overlay-type":"","overlay-color":"","overlay-opacity":"","overlay-gradient":""},"mobile":{"background-color":"var(--ast-global-color-5)","background-image":"","background-repeat":"repeat","background-position":"center center","background-size":"auto","background-attachment":"scroll","background-type":"","background-media":"","overlay-type":"","overlay-color":"","overlay-opacity":"","overlay-gradient":""}},"footnotes":""},"class_list":["post-4737","page","type-page","status-publish","hentry"],"uagb_featured_image_src":{"full":false,"thumbnail":false,"medium":false,"medium_large":false,"large":false,"1536x1536":false,"2048x2048":false,"trp-custom-language-flag":false},"uagb_author_info":{"display_name":"Trombone Attraction","author_link":"https:\/\/www.tromboneattraction.com\/en\/author\/stefan-obmann\/"},"uagb_comment_info":0,"uagb_excerpt":"Christian Poitinger&nbsp;wurde 1987 in Grieskirchen in Ober\u00f6sterreich geboren. Mit zw\u00f6lf Jahren begann er Posaune zu lernen. Von 2001 bis 2006 studierte er an der Anton Bruckner Privatuniversit\u00e4t in Linz bei Prof. Friedrich Loimayr und besuchte das Musikgymnasium Linz, 2007 setzte er seine Studien bei Johann Str\u00f6cker (Wiener Philharmoniker) an der Kunstuniversit\u00e4t Graz\/Obersch\u00fctzen fort. Im September&hellip;","_links":{"self":[{"href":"https:\/\/www.tromboneattraction.com\/en\/wp-json\/wp\/v2\/pages\/4737","targetHints":{"allow":["GET"]}}],"collection":[{"href":"https:\/\/www.tromboneattraction.com\/en\/wp-json\/wp\/v2\/pages"}],"about":[{"href":"https:\/\/www.tromboneattraction.com\/en\/wp-json\/wp\/v2\/types\/page"}],"author":[{"embeddable":true,"href":"https:\/\/www.tromboneattraction.com\/en\/wp-json\/wp\/v2\/users\/1"}],"replies":[{"embeddable":true,"href":"https:\/\/www.tromboneattraction.com\/en\/wp-json\/wp\/v2\/comments?post=4737"}],"version-history":[{"count":8,"href":"https:\/\/www.tromboneattraction.com\/en\/wp-json\/wp\/v2\/pages\/4737\/revisions"}],"predecessor-version":[{"id":6310,"href":"https:\/\/www.tromboneattraction.com\/en\/wp-json\/wp\/v2\/pages\/4737\/revisions\/6310"}],"wp:attachment":[{"href":"https:\/\/www.tromboneattraction.com\/en\/wp-json\/wp\/v2\/media?parent=4737"}],"curies":[{"name":"wp","href":"https:\/\/api.w.org\/{rel}","templated":true}]}}