{"id":4676,"date":"2020-02-08T14:35:05","date_gmt":"2020-02-08T13:35:05","guid":{"rendered":"https:\/\/www.tromboneattraction.com\/?page_id=4676"},"modified":"2021-03-26T11:31:49","modified_gmt":"2021-03-26T10:31:49","slug":"impressum","status":"publish","type":"page","link":"http:\/\/www.tromboneattraction.com\/en\/impressum\/","title":{"rendered":"IMPRESSUM"},"content":{"rendered":"<section class=\"wp-block-uagb-section uagb-section__wrap uagb-section__background-color alignfull uagb-block-07d61d29\"><div class=\"uagb-section__overlay\"><\/div><div class=\"uagb-section__inner-wrap\">\n<div class=\"wp-block-uagb-info-box uagb-infobox__outer-wrap uagb-block-65c51368\"><div class=\"uagb-infobox__content-wrap uagb-infobox uagb-infobox-has-icon uagb-infobox-icon-above-title uagb-infobox-image-valign-top uagb-infobox-enable-border-radius\"><div class=\"uagb-ifb-left-right-wrap\"><div class=\"uagb-ifb-content\"><div class=\"uagb-ifb-title-wrap\"><span class=\"uagb-ifb-title-prefix\">THIS MUST BE - DOES ANYONE READ THIS? <\/span><h1 class=\"uagb-ifb-title\">IMPRESSUM<\/h1><\/div><div class=\"uagb-ifb-text-wrap\"><\/div><\/div><\/div><\/div><\/div>\n<\/div><\/section>\n\n\n\n<div style=\"height:50px\" aria-hidden=\"true\" class=\"wp-block-spacer\"><\/div>\n\n\n\n<div class=\"wp-block-columns is-layout-flex wp-container-core-columns-is-layout-28f84493 wp-block-columns-is-layout-flex\">\n<div class=\"wp-block-column is-layout-flow wp-block-column-is-layout-flow\">\n<div class=\"wp-block-image\"><figure class=\"aligncenter size-large is-resized\"><img loading=\"lazy\" decoding=\"async\" src=\"https:\/\/www.tromboneattraction.com\/wp-content\/uploads\/2020\/02\/TromboneAttraction_Logo_01-1.bmp\" alt=\"\" class=\"wp-image-4621\" width=\"200\" height=\"98\"\/><\/figure><\/div>\n<\/div>\n\n\n\n<div class=\"wp-block-column is-layout-flow wp-block-column-is-layout-flow\">\n<p><strong>Trombone Attraction<\/strong><br>Mag. Stefan Obmann<br><a href=\"mailto:office@tromboneattraction.com\">office@tromboneattraction.com<\/a><br>0043 676 96 456 73<br>H\u00f6rsdorf 6<br>3311 Zeillern<br>Austria<\/p>\n<\/div>\n<\/div>\n\n\n\n<p>CONTENTS:<br>All data provided on the website will be electronically processed and used in compliance with the applicable national and European data protection regulations for the purpose of processing inquiries and orders. We do not guarantee the correctness and completeness of the information offered on our website. We also exclude any claims relating to material or non-material damage caused by the use of our offer.<\/p>\n\n\n\n<p>LINKS:<br>We assume no liability for direct or indirect references to websites of other providers which are outside our area of responsibility. Since we clearly have no influence on such websites, we cannot assume any responsibility for their contents. We also distance ourselves emphatically from all contents of all linked pages that have been changed after we have checked and linked them. This applies to all links on our website. For illegal, incorrect or incomplete contents and especially for damages resulting from the use of the above mentioned information, the provider of the linked page is solely liable. If you agree with the above conditions, we invite you to link our site with yours! Links to the home page of this website are permitted and desired. The inclusion of individual sub-pages in external frames is expressly prohibited.<\/p>\n\n\n\n<p>COPYRIGHTS:<br>All contents of this website are protected by copyright. All rights reserved. All contents may be used exclusively for personal information and private use. In particular, any form of reproduction, publication or provision, other transmission or inclusion in electronic databases of the contents or parts thereof is therefore prohibited. Interested parties are requested to obtain express written permission for use from the media owner.<\/p>\n\n\n\n<p>AVAILABILITY:<br>There is no claim or guarantee regarding availability, reliability, functionality or accuracy of this website. As part of the ongoing updating of the website, services may be changed or discontinued, even without notification. The publisher expressly reserves the right to change, supplement or delete individual pages or parts thereof.<\/p>","protected":false},"excerpt":{"rendered":"<p>Trombone AttractionMag. Stefan Obmannoffice@tromboneattraction.com0043 676 96 456 73H\u00f6rsdorf 63311 Zeillern\u00d6sterreich INHALTE:Alle auf der Website bekannt gegebenen Daten werden unter Beachtung der geltenden nationalen und europ\u00e4ischen Datenschutzvorschriften, zur Bearbeitung der Anfragen bzw. Bestellungen elektronisch verarbeitet und genutzt. Wir \u00fcbernehmen keine Gew\u00e4hr f\u00fcr die Richtigkeit und Vollst\u00e4ndigkeit der auf unserer Website angebotenen Informationen. Etwaige Anspr\u00fcche, die sich [&hellip;]<\/p>\n","protected":false},"author":1,"featured_media":0,"parent":0,"menu_order":0,"comment_status":"closed","ping_status":"closed","template":"","meta":{"_uag_custom_page_level_css":"","site-sidebar-layout":"no-sidebar","site-content-layout":"plain-container","ast-site-content-layout":"default","site-content-style":"default","site-sidebar-style":"default","ast-global-header-display":"","ast-banner-title-visibility":"","ast-main-header-display":"","ast-hfb-above-header-display":"","ast-hfb-below-header-display":"","ast-hfb-mobile-header-display":"","site-post-title":"disabled","ast-breadcrumbs-content":"","ast-featured-img":"disabled","footer-sml-layout":"","ast-disable-related-posts":"","theme-transparent-header-meta":"default","adv-header-id-meta":"","stick-header-meta":"default","header-above-stick-meta":"","header-main-stick-meta":"","header-below-stick-meta":"","astra-migrate-meta-layouts":"default","ast-page-background-enabled":"default","ast-page-background-meta":{"desktop":{"background-color":"","background-image":"","background-repeat":"repeat","background-position":"center center","background-size":"auto","background-attachment":"scroll","background-type":"","background-media":"","overlay-type":"","overlay-color":"","overlay-opacity":"","overlay-gradient":""},"tablet":{"background-color":"","background-image":"","background-repeat":"repeat","background-position":"center center","background-size":"auto","background-attachment":"scroll","background-type":"","background-media":"","overlay-type":"","overlay-color":"","overlay-opacity":"","overlay-gradient":""},"mobile":{"background-color":"","background-image":"","background-repeat":"repeat","background-position":"center center","background-size":"auto","background-attachment":"scroll","background-type":"","background-media":"","overlay-type":"","overlay-color":"","overlay-opacity":"","overlay-gradient":""}},"ast-content-background-meta":{"desktop":{"background-color":"var(--ast-global-color-5)","background-image":"","background-repeat":"repeat","background-position":"center center","background-size":"auto","background-attachment":"scroll","background-type":"","background-media":"","overlay-type":"","overlay-color":"","overlay-opacity":"","overlay-gradient":""},"tablet":{"background-color":"var(--ast-global-color-5)","background-image":"","background-repeat":"repeat","background-position":"center center","background-size":"auto","background-attachment":"scroll","background-type":"","background-media":"","overlay-type":"","overlay-color":"","overlay-opacity":"","overlay-gradient":""},"mobile":{"background-color":"var(--ast-global-color-5)","background-image":"","background-repeat":"repeat","background-position":"center center","background-size":"auto","background-attachment":"scroll","background-type":"","background-media":"","overlay-type":"","overlay-color":"","overlay-opacity":"","overlay-gradient":""}},"footnotes":""},"class_list":["post-4676","page","type-page","status-publish","hentry"],"uagb_featured_image_src":{"full":false,"thumbnail":false,"medium":false,"medium_large":false,"large":false,"1536x1536":false,"2048x2048":false,"trp-custom-language-flag":false},"uagb_author_info":{"display_name":"Trombone Attraction","author_link":"http:\/\/www.tromboneattraction.com\/en\/author\/stefan-obmann\/"},"uagb_comment_info":0,"uagb_excerpt":"Trombone AttractionMag. Stefan Obmannoffice@tromboneattraction.com0043 676 96 456 73H\u00f6rsdorf 63311 Zeillern\u00d6sterreich INHALTE:Alle auf der Website bekannt gegebenen Daten werden unter Beachtung der geltenden nationalen und europ\u00e4ischen Datenschutzvorschriften, zur Bearbeitung der Anfragen bzw. Bestellungen elektronisch verarbeitet und genutzt. Wir \u00fcbernehmen keine Gew\u00e4hr f\u00fcr die Richtigkeit und Vollst\u00e4ndigkeit der auf unserer Website angebotenen Informationen. Etwaige Anspr\u00fcche, die sich&hellip;","_links":{"self":[{"href":"http:\/\/www.tromboneattraction.com\/en\/wp-json\/wp\/v2\/pages\/4676","targetHints":{"allow":["GET"]}}],"collection":[{"href":"http:\/\/www.tromboneattraction.com\/en\/wp-json\/wp\/v2\/pages"}],"about":[{"href":"http:\/\/www.tromboneattraction.com\/en\/wp-json\/wp\/v2\/types\/page"}],"author":[{"embeddable":true,"href":"http:\/\/www.tromboneattraction.com\/en\/wp-json\/wp\/v2\/users\/1"}],"replies":[{"embeddable":true,"href":"http:\/\/www.tromboneattraction.com\/en\/wp-json\/wp\/v2\/comments?post=4676"}],"version-history":[{"count":8,"href":"http:\/\/www.tromboneattraction.com\/en\/wp-json\/wp\/v2\/pages\/4676\/revisions"}],"predecessor-version":[{"id":5476,"href":"http:\/\/www.tromboneattraction.com\/en\/wp-json\/wp\/v2\/pages\/4676\/revisions\/5476"}],"wp:attachment":[{"href":"http:\/\/www.tromboneattraction.com\/en\/wp-json\/wp\/v2\/media?parent=4676"}],"curies":[{"name":"wp","href":"https:\/\/api.w.org\/{rel}","templated":true}]}}